{"id":4579,"date":"2024-08-02T10:14:28","date_gmt":"2024-08-02T02:14:28","guid":{"rendered":"http:\/\/www.enruige.cn\/?post_type=product&#038;p=4579"},"modified":"2026-04-15T18:07:49","modified_gmt":"2026-04-15T10:07:49","slug":"ir-night-vision-1080p-backup-camera-system-7-ips-monitor-rear-view-camera-kit-for-truck-bus","status":"publish","type":"product","link":"https:\/\/www.enruige.cn\/?product=ir-night-vision-1080p-backup-camera-system-7-ips-monitor-rear-view-camera-kit-for-truck-bus","title":{"rendered":"EnruigeOK IR Night Vision 1080P Backup Camera System 7&#8221; IPS Monitor Rear View Camera kit for Truck Bus"},"content":{"rendered":"<figure id=\"attachment_4583\" aria-describedby=\"caption-attachment-4583\" style=\"width: 800px\" class=\"wp-caption alignnone\"><img fetchpriority=\"high\" decoding=\"async\" class=\"size-full wp-image-4583\" src=\"http:\/\/www.enruige.cn\/wp-content\/uploads\/2024\/08\/\u9632\u6c34.jpg\" alt=\"\" width=\"800\" height=\"794\" srcset=\"https:\/\/www.enruige.cn\/wp-content\/uploads\/2024\/08\/\u9632\u6c34.jpg 800w, https:\/\/www.enruige.cn\/wp-content\/uploads\/2024\/08\/\u9632\u6c34-300x298.jpg 300w, https:\/\/www.enruige.cn\/wp-content\/uploads\/2024\/08\/\u9632\u6c34-150x150.jpg 150w, https:\/\/www.enruige.cn\/wp-content\/uploads\/2024\/08\/\u9632\u6c34-768x762.jpg 768w, https:\/\/www.enruige.cn\/wp-content\/uploads\/2024\/08\/\u9632\u6c34-100x100.jpg 100w\" sizes=\"(max-width: 800px) 100vw, 800px\" \/><figcaption id=\"caption-attachment-4583\" class=\"wp-caption-text\">Version 1.0.0<\/figcaption><\/figure>\n<p><img decoding=\"async\" class=\"alignnone size-full wp-image-4581\" src=\"http:\/\/www.enruige.cn\/wp-content\/uploads\/2024\/08\/camera.jpg\" alt=\"\" width=\"800\" height=\"800\" srcset=\"https:\/\/www.enruige.cn\/wp-content\/uploads\/2024\/08\/camera.jpg 800w, https:\/\/www.enruige.cn\/wp-content\/uploads\/2024\/08\/camera-300x300.jpg 300w, https:\/\/www.enruige.cn\/wp-content\/uploads\/2024\/08\/camera-150x150.jpg 150w, https:\/\/www.enruige.cn\/wp-content\/uploads\/2024\/08\/camera-768x768.jpg 768w, https:\/\/www.enruige.cn\/wp-content\/uploads\/2024\/08\/camera-100x100.jpg 100w\" sizes=\"(max-width: 800px) 100vw, 800px\" \/> <img decoding=\"async\" class=\"alignnone size-full wp-image-4591\" src=\"http:\/\/www.enruige.cn\/wp-content\/uploads\/2024\/08\/\u8be6\u60c5Detail-9.jpg\" alt=\"\" width=\"800\" height=\"800\" srcset=\"https:\/\/www.enruige.cn\/wp-content\/uploads\/2024\/08\/\u8be6\u60c5Detail-9.jpg 800w, https:\/\/www.enruige.cn\/wp-content\/uploads\/2024\/08\/\u8be6\u60c5Detail-9-300x300.jpg 300w, https:\/\/www.enruige.cn\/wp-content\/uploads\/2024\/08\/\u8be6\u60c5Detail-9-150x150.jpg 150w, https:\/\/www.enruige.cn\/wp-content\/uploads\/2024\/08\/\u8be6\u60c5Detail-9-768x768.jpg 768w, https:\/\/www.enruige.cn\/wp-content\/uploads\/2024\/08\/\u8be6\u60c5Detail-9-100x100.jpg 100w\" sizes=\"(max-width: 800px) 100vw, 800px\" \/> <img loading=\"lazy\" decoding=\"async\" class=\"alignnone size-full wp-image-4582\" src=\"http:\/\/www.enruige.cn\/wp-content\/uploads\/2024\/08\/\u767d\u5e95\u56fe.jpg\" alt=\"\" width=\"800\" height=\"800\" srcset=\"https:\/\/www.enruige.cn\/wp-content\/uploads\/2024\/08\/\u767d\u5e95\u56fe.jpg 800w, https:\/\/www.enruige.cn\/wp-content\/uploads\/2024\/08\/\u767d\u5e95\u56fe-300x300.jpg 300w, https:\/\/www.enruige.cn\/wp-content\/uploads\/2024\/08\/\u767d\u5e95\u56fe-150x150.jpg 150w, https:\/\/www.enruige.cn\/wp-content\/uploads\/2024\/08\/\u767d\u5e95\u56fe-768x768.jpg 768w, https:\/\/www.enruige.cn\/wp-content\/uploads\/2024\/08\/\u767d\u5e95\u56fe-100x100.jpg 100w\" sizes=\"(max-width: 800px) 100vw, 800px\" \/> <img loading=\"lazy\" decoding=\"async\" class=\"alignnone size-full wp-image-4586\" src=\"http:\/\/www.enruige.cn\/wp-content\/uploads\/2024\/08\/\u7ec6\u8282.jpg\" alt=\"\" width=\"800\" height=\"801\" srcset=\"https:\/\/www.enruige.cn\/wp-content\/uploads\/2024\/08\/\u7ec6\u8282.jpg 800w, https:\/\/www.enruige.cn\/wp-content\/uploads\/2024\/08\/\u7ec6\u8282-300x300.jpg 300w, https:\/\/www.enruige.cn\/wp-content\/uploads\/2024\/08\/\u7ec6\u8282-150x150.jpg 150w, https:\/\/www.enruige.cn\/wp-content\/uploads\/2024\/08\/\u7ec6\u8282-768x769.jpg 768w, https:\/\/www.enruige.cn\/wp-content\/uploads\/2024\/08\/\u7ec6\u8282-100x100.jpg 100w\" sizes=\"(max-width: 800px) 100vw, 800px\" \/> <img loading=\"lazy\" decoding=\"async\" class=\"alignnone size-full wp-image-4587\" src=\"http:\/\/www.enruige.cn\/wp-content\/uploads\/2024\/08\/\u8be6\u60c5Detail-4.jpg\" alt=\"\" width=\"800\" height=\"800\" srcset=\"https:\/\/www.enruige.cn\/wp-content\/uploads\/2024\/08\/\u8be6\u60c5Detail-4.jpg 800w, https:\/\/www.enruige.cn\/wp-content\/uploads\/2024\/08\/\u8be6\u60c5Detail-4-300x300.jpg 300w, https:\/\/www.enruige.cn\/wp-content\/uploads\/2024\/08\/\u8be6\u60c5Detail-4-150x150.jpg 150w, https:\/\/www.enruige.cn\/wp-content\/uploads\/2024\/08\/\u8be6\u60c5Detail-4-768x768.jpg 768w, https:\/\/www.enruige.cn\/wp-content\/uploads\/2024\/08\/\u8be6\u60c5Detail-4-100x100.jpg 100w\" sizes=\"(max-width: 800px) 100vw, 800px\" \/> <img loading=\"lazy\" decoding=\"async\" class=\"alignnone size-full wp-image-4589\" src=\"http:\/\/www.enruige.cn\/wp-content\/uploads\/2024\/08\/\u8be6\u60c5Detail-6.jpg\" alt=\"\" width=\"800\" height=\"800\" srcset=\"https:\/\/www.enruige.cn\/wp-content\/uploads\/2024\/08\/\u8be6\u60c5Detail-6.jpg 800w, https:\/\/www.enruige.cn\/wp-content\/uploads\/2024\/08\/\u8be6\u60c5Detail-6-300x300.jpg 300w, https:\/\/www.enruige.cn\/wp-content\/uploads\/2024\/08\/\u8be6\u60c5Detail-6-150x150.jpg 150w, https:\/\/www.enruige.cn\/wp-content\/uploads\/2024\/08\/\u8be6\u60c5Detail-6-768x768.jpg 768w, https:\/\/www.enruige.cn\/wp-content\/uploads\/2024\/08\/\u8be6\u60c5Detail-6-100x100.jpg 100w\" sizes=\"(max-width: 800px) 100vw, 800px\" \/> <img loading=\"lazy\" decoding=\"async\" class=\"alignnone size-full wp-image-4590\" src=\"http:\/\/www.enruige.cn\/wp-content\/uploads\/2024\/08\/\u8be6\u60c5Detail-7.jpg\" alt=\"\" width=\"800\" height=\"800\" srcset=\"https:\/\/www.enruige.cn\/wp-content\/uploads\/2024\/08\/\u8be6\u60c5Detail-7.jpg 800w, https:\/\/www.enruige.cn\/wp-content\/uploads\/2024\/08\/\u8be6\u60c5Detail-7-300x300.jpg 300w, https:\/\/www.enruige.cn\/wp-content\/uploads\/2024\/08\/\u8be6\u60c5Detail-7-150x150.jpg 150w, https:\/\/www.enruige.cn\/wp-content\/uploads\/2024\/08\/\u8be6\u60c5Detail-7-768x768.jpg 768w, https:\/\/www.enruige.cn\/wp-content\/uploads\/2024\/08\/\u8be6\u60c5Detail-7-100x100.jpg 100w\" sizes=\"(max-width: 800px) 100vw, 800px\" \/> <img loading=\"lazy\" decoding=\"async\" class=\"alignnone size-full wp-image-4584\" src=\"http:\/\/www.enruige.cn\/wp-content\/uploads\/2024\/08\/\u9ad8\u6e05\u63a5\u7ebf.jpg\" alt=\"\" width=\"800\" height=\"800\" srcset=\"https:\/\/www.enruige.cn\/wp-content\/uploads\/2024\/08\/\u9ad8\u6e05\u63a5\u7ebf.jpg 800w, https:\/\/www.enruige.cn\/wp-content\/uploads\/2024\/08\/\u9ad8\u6e05\u63a5\u7ebf-300x300.jpg 300w, https:\/\/www.enruige.cn\/wp-content\/uploads\/2024\/08\/\u9ad8\u6e05\u63a5\u7ebf-150x150.jpg 150w, https:\/\/www.enruige.cn\/wp-content\/uploads\/2024\/08\/\u9ad8\u6e05\u63a5\u7ebf-768x768.jpg 768w, https:\/\/www.enruige.cn\/wp-content\/uploads\/2024\/08\/\u9ad8\u6e05\u63a5\u7ebf-100x100.jpg 100w\" sizes=\"(max-width: 800px) 100vw, 800px\" \/> <img loading=\"lazy\" decoding=\"async\" class=\"alignnone size-full wp-image-4588\" src=\"http:\/\/www.enruige.cn\/wp-content\/uploads\/2024\/08\/\u8be6\u60c5Detail-5.jpg\" alt=\"\" width=\"800\" height=\"800\" srcset=\"https:\/\/www.enruige.cn\/wp-content\/uploads\/2024\/08\/\u8be6\u60c5Detail-5.jpg 800w, https:\/\/www.enruige.cn\/wp-content\/uploads\/2024\/08\/\u8be6\u60c5Detail-5-300x300.jpg 300w, https:\/\/www.enruige.cn\/wp-content\/uploads\/2024\/08\/\u8be6\u60c5Detail-5-150x150.jpg 150w, https:\/\/www.enruige.cn\/wp-content\/uploads\/2024\/08\/\u8be6\u60c5Detail-5-768x768.jpg 768w, https:\/\/www.enruige.cn\/wp-content\/uploads\/2024\/08\/\u8be6\u60c5Detail-5-100x100.jpg 100w\" sizes=\"(max-width: 800px) 100vw, 800px\" \/> <img loading=\"lazy\" decoding=\"async\" class=\"alignnone size-full wp-image-4580\" src=\"http:\/\/www.enruige.cn\/wp-content\/uploads\/2024\/08\/15\u7c73.jpg\" alt=\"\" width=\"800\" height=\"800\" srcset=\"https:\/\/www.enruige.cn\/wp-content\/uploads\/2024\/08\/15\u7c73.jpg 800w, https:\/\/www.enruige.cn\/wp-content\/uploads\/2024\/08\/15\u7c73-300x300.jpg 300w, https:\/\/www.enruige.cn\/wp-content\/uploads\/2024\/08\/15\u7c73-150x150.jpg 150w, https:\/\/www.enruige.cn\/wp-content\/uploads\/2024\/08\/15\u7c73-768x768.jpg 768w, https:\/\/www.enruige.cn\/wp-content\/uploads\/2024\/08\/15\u7c73-100x100.jpg 100w\" sizes=\"(max-width: 800px) 100vw, 800px\" \/> <img loading=\"lazy\" decoding=\"async\" class=\"alignnone size-full wp-image-4592\" src=\"http:\/\/www.enruige.cn\/wp-content\/uploads\/2024\/08\/\u4e00\u62d6\u4e8c.jpg\" alt=\"\" width=\"800\" height=\"800\" srcset=\"https:\/\/www.enruige.cn\/wp-content\/uploads\/2024\/08\/\u4e00\u62d6\u4e8c.jpg 800w, https:\/\/www.enruige.cn\/wp-content\/uploads\/2024\/08\/\u4e00\u62d6\u4e8c-300x300.jpg 300w, https:\/\/www.enruige.cn\/wp-content\/uploads\/2024\/08\/\u4e00\u62d6\u4e8c-150x150.jpg 150w, https:\/\/www.enruige.cn\/wp-content\/uploads\/2024\/08\/\u4e00\u62d6\u4e8c-768x768.jpg 768w, https:\/\/www.enruige.cn\/wp-content\/uploads\/2024\/08\/\u4e00\u62d6\u4e8c-100x100.jpg 100w\" sizes=\"(max-width: 800px) 100vw, 800px\" \/><\/p>\n","protected":false},"excerpt":{"rendered":"<p>Image Sensor: 1\/3\u2033 CMOS; 1\/2.7\u2033 CMOS (optional)<br \/>\nEffective Pixels: 733(H) \u00d7 493(V); 1280(H) \u00d7 720(V); 1920(H) \u00d7 1080(V)<br \/>\nResolution: CVBS, 720P, 1080P<br \/>\nVideo System: NTSC \/ PAL switchable<br \/>\nGuidelines: On\/Off switchable<br \/>\nNight Vision Distance: Approx. 35ft<br \/>\nHorizontal Viewing Angle: 140\u00b0&amp;90\u00b0<br \/>\nWaterproof Rating: IP68<br \/>\nS\/N Ratio: &gt;48dB<br \/>\nCurrent Consumption: &lt;150mA<br \/>\nMinimum Illumination: 0.1 Lux<br \/>\nPower Supply: DC 12V<br \/>\nOperating Temperature: -20\u2103 to +70\u2103<\/p>\n","protected":false},"featured_media":4651,"template":"","meta":{"_uag_custom_page_level_css":"","site-sidebar-layout":"right-sidebar","site-content-layout":"","ast-site-content-layout":"default","site-content-style":"default","site-sidebar-style":"default","ast-global-header-display":"","ast-banner-title-visibility":"","ast-main-header-display":"","ast-hfb-above-header-display":"","ast-hfb-below-header-display":"","ast-hfb-mobile-header-display":"","site-post-title":"","ast-breadcrumbs-content":"","ast-featured-img":"","footer-sml-layout":"","ast-disable-related-posts":"","theme-transparent-header-meta":"default","adv-header-id-meta":"","stick-header-meta":"default","header-above-stick-meta":"","header-main-stick-meta":"","header-below-stick-meta":"","astra-migrate-meta-layouts":"set","ast-page-background-enabled":"default","ast-page-background-meta":{"desktop":{"background-color":"var(--ast-global-color-4)","background-image":"","background-repeat":"repeat","background-position":"center center","background-size":"auto","background-attachment":"scroll","background-type":"","background-media":"","overlay-type":"","overlay-color":"","overlay-opacity":"","overlay-gradient":""},"tablet":{"background-color":"","background-image":"","background-repeat":"repeat","background-position":"center center","background-size":"auto","background-attachment":"scroll","background-type":"","background-media":"","overlay-type":"","overlay-color":"","overlay-opacity":"","overlay-gradient":""},"mobile":{"background-color":"","background-image":"","background-repeat":"repeat","background-position":"center center","background-size":"auto","background-attachment":"scroll","background-type":"","background-media":"","overlay-type":"","overlay-color":"","overlay-opacity":"","overlay-gradient":""}},"ast-content-background-meta":{"desktop":{"background-color":"var(--ast-global-color-5)","background-image":"","background-repeat":"repeat","background-position":"center center","background-size":"auto","background-attachment":"scroll","background-type":"","background-media":"","overlay-type":"","overlay-color":"","overlay-opacity":"","overlay-gradient":""},"tablet":{"background-color":"var(--ast-global-color-5)","background-image":"","background-repeat":"repeat","background-position":"center center","background-size":"auto","background-attachment":"scroll","background-type":"","background-media":"","overlay-type":"","overlay-color":"","overlay-opacity":"","overlay-gradient":""},"mobile":{"background-color":"var(--ast-global-color-5)","background-image":"","background-repeat":"repeat","background-position":"center center","background-size":"auto","background-attachment":"scroll","background-type":"","background-media":"","overlay-type":"","overlay-color":"","overlay-opacity":"","overlay-gradient":""}}},"product_brand":[],"product_cat":[55,70],"product_tag":[],"class_list":{"0":"post-4579","1":"product","2":"type-product","3":"status-publish","4":"has-post-thumbnail","6":"product_cat-7inch","7":"product_cat-cameras","8":"desktop-align-left","9":"tablet-align-left","10":"mobile-align-left","11":"ast-product-gallery-layout-horizontal-slider","12":"ast-product-tabs-layout-horizontal","14":"first","15":"instock","16":"featured","17":"shipping-taxable","18":"product-type-simple"},"uagb_featured_image_src":{"full":["https:\/\/www.enruige.cn\/wp-content\/uploads\/2024\/08\/\u4e03\u5bf8\u6709\u7ebf\u5957\u88c5.png",800,800,false],"thumbnail":["https:\/\/www.enruige.cn\/wp-content\/uploads\/2024\/08\/\u4e03\u5bf8\u6709\u7ebf\u5957\u88c5-150x150.png",150,150,true],"medium":["https:\/\/www.enruige.cn\/wp-content\/uploads\/2024\/08\/\u4e03\u5bf8\u6709\u7ebf\u5957\u88c5-300x300.png",300,300,true],"medium_large":["https:\/\/www.enruige.cn\/wp-content\/uploads\/2024\/08\/\u4e03\u5bf8\u6709\u7ebf\u5957\u88c5-768x768.png",768,768,true],"large":["https:\/\/www.enruige.cn\/wp-content\/uploads\/2024\/08\/\u4e03\u5bf8\u6709\u7ebf\u5957\u88c5.png",800,800,false],"1536x1536":["https:\/\/www.enruige.cn\/wp-content\/uploads\/2024\/08\/\u4e03\u5bf8\u6709\u7ebf\u5957\u88c5.png",800,800,false],"2048x2048":["https:\/\/www.enruige.cn\/wp-content\/uploads\/2024\/08\/\u4e03\u5bf8\u6709\u7ebf\u5957\u88c5.png",800,800,false],"woocommerce_thumbnail":["https:\/\/www.enruige.cn\/wp-content\/uploads\/2024\/08\/\u4e03\u5bf8\u6709\u7ebf\u5957\u88c5-300x300.png",300,300,true],"woocommerce_single":["https:\/\/www.enruige.cn\/wp-content\/uploads\/2024\/08\/\u4e03\u5bf8\u6709\u7ebf\u5957\u88c5-300x300.png",300,300,true],"woocommerce_gallery_thumbnail":["https:\/\/www.enruige.cn\/wp-content\/uploads\/2024\/08\/\u4e03\u5bf8\u6709\u7ebf\u5957\u88c5-100x100.png",100,100,true]},"uagb_author_info":{"display_name":"enruige","author_link":"https:\/\/www.enruige.cn\/?author=0"},"uagb_comment_info":0,"uagb_excerpt":"Image Sensor: 1\/3\u2033 CMOS; 1\/2.7\u2033 CMOS (optional) Effecti&hellip;","jetpack_sharing_enabled":true,"_links":{"self":[{"href":"https:\/\/www.enruige.cn\/index.php?rest_route=\/wp\/v2\/product\/4579","targetHints":{"allow":["GET"]}}],"collection":[{"href":"https:\/\/www.enruige.cn\/index.php?rest_route=\/wp\/v2\/product"}],"about":[{"href":"https:\/\/www.enruige.cn\/index.php?rest_route=\/wp\/v2\/types\/product"}],"version-history":[{"count":3,"href":"https:\/\/www.enruige.cn\/index.php?rest_route=\/wp\/v2\/product\/4579\/revisions"}],"predecessor-version":[{"id":6393,"href":"https:\/\/www.enruige.cn\/index.php?rest_route=\/wp\/v2\/product\/4579\/revisions\/6393"}],"wp:featuredmedia":[{"embeddable":true,"href":"https:\/\/www.enruige.cn\/index.php?rest_route=\/wp\/v2\/media\/4651"}],"wp:attachment":[{"href":"https:\/\/www.enruige.cn\/index.php?rest_route=%2Fwp%2Fv2%2Fmedia&parent=4579"}],"wp:term":[{"taxonomy":"product_brand","embeddable":true,"href":"https:\/\/www.enruige.cn\/index.php?rest_route=%2Fwp%2Fv2%2Fproduct_brand&post=4579"},{"taxonomy":"product_cat","embeddable":true,"href":"https:\/\/www.enruige.cn\/index.php?rest_route=%2Fwp%2Fv2%2Fproduct_cat&post=4579"},{"taxonomy":"product_tag","embeddable":true,"href":"https:\/\/www.enruige.cn\/index.php?rest_route=%2Fwp%2Fv2%2Fproduct_tag&post=4579"}],"curies":[{"name":"wp","href":"https:\/\/api.w.org\/{rel}","templated":true}]}}