{"id":4935,"date":"2024-11-22T18:21:33","date_gmt":"2024-11-22T10:21:33","guid":{"rendered":"http:\/\/www.enruige.cn\/?post_type=product&#038;p=4935"},"modified":"2026-04-15T17:53:56","modified_gmt":"2026-04-15T09:53:56","slug":"%e4%b8%ad%e5%b7%b4%e6%91%84%e5%83%8f%e5%a4%b4","status":"publish","type":"product","link":"https:\/\/www.enruige.cn\/?product=%e4%b8%ad%e5%b7%b4%e6%91%84%e5%83%8f%e5%a4%b4","title":{"rendered":"\u4e2d\u5df4\u6444\u50cf\u5934"},"content":{"rendered":"<p><img fetchpriority=\"high\" decoding=\"async\" class=\"alignnone size-full wp-image-4951\" src=\"http:\/\/www.enruige.cn\/wp-content\/uploads\/2024\/11\/\u4e3b-2.jpg\" alt=\"\" width=\"1600\" height=\"1600\" srcset=\"https:\/\/www.enruige.cn\/wp-content\/uploads\/2024\/11\/\u4e3b-2.jpg 1600w, https:\/\/www.enruige.cn\/wp-content\/uploads\/2024\/11\/\u4e3b-2-300x300.jpg 300w, https:\/\/www.enruige.cn\/wp-content\/uploads\/2024\/11\/\u4e3b-2-1024x1024.jpg 1024w, https:\/\/www.enruige.cn\/wp-content\/uploads\/2024\/11\/\u4e3b-2-150x150.jpg 150w, https:\/\/www.enruige.cn\/wp-content\/uploads\/2024\/11\/\u4e3b-2-768x768.jpg 768w, https:\/\/www.enruige.cn\/wp-content\/uploads\/2024\/11\/\u4e3b-2-1536x1536.jpg 1536w, https:\/\/www.enruige.cn\/wp-content\/uploads\/2024\/11\/\u4e3b-2-100x100.jpg 100w\" sizes=\"(max-width: 1600px) 100vw, 1600px\" \/> <img decoding=\"async\" class=\"alignnone size-full wp-image-4945\" src=\"http:\/\/www.enruige.cn\/wp-content\/uploads\/2024\/11\/\u516c\u4ea4\u8f66.jpg\" alt=\"\" width=\"1600\" height=\"1600\" srcset=\"https:\/\/www.enruige.cn\/wp-content\/uploads\/2024\/11\/\u516c\u4ea4\u8f66.jpg 1600w, https:\/\/www.enruige.cn\/wp-content\/uploads\/2024\/11\/\u516c\u4ea4\u8f66-300x300.jpg 300w, https:\/\/www.enruige.cn\/wp-content\/uploads\/2024\/11\/\u516c\u4ea4\u8f66-1024x1024.jpg 1024w, https:\/\/www.enruige.cn\/wp-content\/uploads\/2024\/11\/\u516c\u4ea4\u8f66-150x150.jpg 150w, https:\/\/www.enruige.cn\/wp-content\/uploads\/2024\/11\/\u516c\u4ea4\u8f66-768x768.jpg 768w, https:\/\/www.enruige.cn\/wp-content\/uploads\/2024\/11\/\u516c\u4ea4\u8f66-1536x1536.jpg 1536w, https:\/\/www.enruige.cn\/wp-content\/uploads\/2024\/11\/\u516c\u4ea4\u8f66-100x100.jpg 100w\" sizes=\"(max-width: 1600px) 100vw, 1600px\" \/> <img decoding=\"async\" class=\"alignnone size-full wp-image-4946\" src=\"http:\/\/www.enruige.cn\/wp-content\/uploads\/2024\/11\/\u529f\u80fd.jpg\" alt=\"\" width=\"1600\" height=\"1600\" srcset=\"https:\/\/www.enruige.cn\/wp-content\/uploads\/2024\/11\/\u529f\u80fd.jpg 1600w, https:\/\/www.enruige.cn\/wp-content\/uploads\/2024\/11\/\u529f\u80fd-300x300.jpg 300w, https:\/\/www.enruige.cn\/wp-content\/uploads\/2024\/11\/\u529f\u80fd-1024x1024.jpg 1024w, https:\/\/www.enruige.cn\/wp-content\/uploads\/2024\/11\/\u529f\u80fd-150x150.jpg 150w, https:\/\/www.enruige.cn\/wp-content\/uploads\/2024\/11\/\u529f\u80fd-768x768.jpg 768w, https:\/\/www.enruige.cn\/wp-content\/uploads\/2024\/11\/\u529f\u80fd-1536x1536.jpg 1536w, https:\/\/www.enruige.cn\/wp-content\/uploads\/2024\/11\/\u529f\u80fd-100x100.jpg 100w\" sizes=\"(max-width: 1600px) 100vw, 1600px\" \/> <img loading=\"lazy\" decoding=\"async\" class=\"alignnone size-full wp-image-4948\" src=\"http:\/\/www.enruige.cn\/wp-content\/uploads\/2024\/11\/\u9002\u7528.jpg\" alt=\"\" width=\"1600\" height=\"1600\" srcset=\"https:\/\/www.enruige.cn\/wp-content\/uploads\/2024\/11\/\u9002\u7528.jpg 1600w, https:\/\/www.enruige.cn\/wp-content\/uploads\/2024\/11\/\u9002\u7528-300x300.jpg 300w, https:\/\/www.enruige.cn\/wp-content\/uploads\/2024\/11\/\u9002\u7528-1024x1024.jpg 1024w, https:\/\/www.enruige.cn\/wp-content\/uploads\/2024\/11\/\u9002\u7528-150x150.jpg 150w, https:\/\/www.enruige.cn\/wp-content\/uploads\/2024\/11\/\u9002\u7528-768x768.jpg 768w, https:\/\/www.enruige.cn\/wp-content\/uploads\/2024\/11\/\u9002\u7528-1536x1536.jpg 1536w, https:\/\/www.enruige.cn\/wp-content\/uploads\/2024\/11\/\u9002\u7528-100x100.jpg 100w\" sizes=\"(max-width: 1600px) 100vw, 1600px\" \/> <img loading=\"lazy\" decoding=\"async\" class=\"alignnone size-full wp-image-4947\" src=\"http:\/\/www.enruige.cn\/wp-content\/uploads\/2024\/11\/\u89d2\u5ea6-2.jpg\" alt=\"\" width=\"1600\" height=\"1600\" srcset=\"https:\/\/www.enruige.cn\/wp-content\/uploads\/2024\/11\/\u89d2\u5ea6-2.jpg 1600w, https:\/\/www.enruige.cn\/wp-content\/uploads\/2024\/11\/\u89d2\u5ea6-2-300x300.jpg 300w, https:\/\/www.enruige.cn\/wp-content\/uploads\/2024\/11\/\u89d2\u5ea6-2-1024x1024.jpg 1024w, https:\/\/www.enruige.cn\/wp-content\/uploads\/2024\/11\/\u89d2\u5ea6-2-150x150.jpg 150w, https:\/\/www.enruige.cn\/wp-content\/uploads\/2024\/11\/\u89d2\u5ea6-2-768x768.jpg 768w, https:\/\/www.enruige.cn\/wp-content\/uploads\/2024\/11\/\u89d2\u5ea6-2-1536x1536.jpg 1536w, https:\/\/www.enruige.cn\/wp-content\/uploads\/2024\/11\/\u89d2\u5ea6-2-100x100.jpg 100w\" sizes=\"(max-width: 1600px) 100vw, 1600px\" \/> <img loading=\"lazy\" decoding=\"async\" class=\"alignnone size-full wp-image-4944\" src=\"http:\/\/www.enruige.cn\/wp-content\/uploads\/2024\/11\/\u9632\u6c34-1.jpg\" alt=\"\" width=\"1600\" height=\"1600\" srcset=\"https:\/\/www.enruige.cn\/wp-content\/uploads\/2024\/11\/\u9632\u6c34-1.jpg 1600w, https:\/\/www.enruige.cn\/wp-content\/uploads\/2024\/11\/\u9632\u6c34-1-300x300.jpg 300w, https:\/\/www.enruige.cn\/wp-content\/uploads\/2024\/11\/\u9632\u6c34-1-1024x1024.jpg 1024w, https:\/\/www.enruige.cn\/wp-content\/uploads\/2024\/11\/\u9632\u6c34-1-150x150.jpg 150w, https:\/\/www.enruige.cn\/wp-content\/uploads\/2024\/11\/\u9632\u6c34-1-768x768.jpg 768w, https:\/\/www.enruige.cn\/wp-content\/uploads\/2024\/11\/\u9632\u6c34-1-1536x1536.jpg 1536w, https:\/\/www.enruige.cn\/wp-content\/uploads\/2024\/11\/\u9632\u6c34-1-100x100.jpg 100w\" sizes=\"(max-width: 1600px) 100vw, 1600px\" \/> <img loading=\"lazy\" decoding=\"async\" class=\"alignnone size-full wp-image-4941\" src=\"http:\/\/www.enruige.cn\/wp-content\/uploads\/2024\/11\/\u5b89\u88c5.jpg\" alt=\"\" width=\"1600\" height=\"1600\" srcset=\"https:\/\/www.enruige.cn\/wp-content\/uploads\/2024\/11\/\u5b89\u88c5.jpg 1600w, https:\/\/www.enruige.cn\/wp-content\/uploads\/2024\/11\/\u5b89\u88c5-300x300.jpg 300w, https:\/\/www.enruige.cn\/wp-content\/uploads\/2024\/11\/\u5b89\u88c5-1024x1024.jpg 1024w, https:\/\/www.enruige.cn\/wp-content\/uploads\/2024\/11\/\u5b89\u88c5-150x150.jpg 150w, https:\/\/www.enruige.cn\/wp-content\/uploads\/2024\/11\/\u5b89\u88c5-768x768.jpg 768w, https:\/\/www.enruige.cn\/wp-content\/uploads\/2024\/11\/\u5b89\u88c5-1536x1536.jpg 1536w, https:\/\/www.enruige.cn\/wp-content\/uploads\/2024\/11\/\u5b89\u88c5-100x100.jpg 100w\" sizes=\"(max-width: 1600px) 100vw, 1600px\" \/> <img loading=\"lazy\" decoding=\"async\" class=\"alignnone size-full wp-image-4942\" src=\"http:\/\/www.enruige.cn\/wp-content\/uploads\/2024\/11\/\u767d\u7ffb\u8f6c\u7eff\u6807\u5c3a.jpg\" alt=\"\" width=\"1600\" height=\"1600\" srcset=\"https:\/\/www.enruige.cn\/wp-content\/uploads\/2024\/11\/\u767d\u7ffb\u8f6c\u7eff\u6807\u5c3a.jpg 1600w, https:\/\/www.enruige.cn\/wp-content\/uploads\/2024\/11\/\u767d\u7ffb\u8f6c\u7eff\u6807\u5c3a-300x300.jpg 300w, https:\/\/www.enruige.cn\/wp-content\/uploads\/2024\/11\/\u767d\u7ffb\u8f6c\u7eff\u6807\u5c3a-1024x1024.jpg 1024w, https:\/\/www.enruige.cn\/wp-content\/uploads\/2024\/11\/\u767d\u7ffb\u8f6c\u7eff\u6807\u5c3a-150x150.jpg 150w, https:\/\/www.enruige.cn\/wp-content\/uploads\/2024\/11\/\u767d\u7ffb\u8f6c\u7eff\u6807\u5c3a-768x768.jpg 768w, https:\/\/www.enruige.cn\/wp-content\/uploads\/2024\/11\/\u767d\u7ffb\u8f6c\u7eff\u6807\u5c3a-1536x1536.jpg 1536w, https:\/\/www.enruige.cn\/wp-content\/uploads\/2024\/11\/\u767d\u7ffb\u8f6c\u7eff\u6807\u5c3a-100x100.jpg 100w\" sizes=\"(max-width: 1600px) 100vw, 1600px\" \/> <img loading=\"lazy\" decoding=\"async\" class=\"alignnone size-full wp-image-4949\" src=\"http:\/\/www.enruige.cn\/wp-content\/uploads\/2024\/11\/\u56db\u5bab\u683c-2.jpg\" alt=\"\" width=\"1600\" height=\"1600\" srcset=\"https:\/\/www.enruige.cn\/wp-content\/uploads\/2024\/11\/\u56db\u5bab\u683c-2.jpg 1600w, https:\/\/www.enruige.cn\/wp-content\/uploads\/2024\/11\/\u56db\u5bab\u683c-2-300x300.jpg 300w, https:\/\/www.enruige.cn\/wp-content\/uploads\/2024\/11\/\u56db\u5bab\u683c-2-1024x1024.jpg 1024w, https:\/\/www.enruige.cn\/wp-content\/uploads\/2024\/11\/\u56db\u5bab\u683c-2-150x150.jpg 150w, https:\/\/www.enruige.cn\/wp-content\/uploads\/2024\/11\/\u56db\u5bab\u683c-2-768x768.jpg 768w, https:\/\/www.enruige.cn\/wp-content\/uploads\/2024\/11\/\u56db\u5bab\u683c-2-1536x1536.jpg 1536w, https:\/\/www.enruige.cn\/wp-content\/uploads\/2024\/11\/\u56db\u5bab\u683c-2-100x100.jpg 100w\" sizes=\"(max-width: 1600px) 100vw, 1600px\" \/> <img loading=\"lazy\" decoding=\"async\" class=\"alignnone size-full wp-image-4943\" src=\"http:\/\/www.enruige.cn\/wp-content\/uploads\/2024\/11\/\u4ea7\u54c1\u5305\u88c5-2.jpg\" alt=\"\" width=\"1600\" height=\"1600\" srcset=\"https:\/\/www.enruige.cn\/wp-content\/uploads\/2024\/11\/\u4ea7\u54c1\u5305\u88c5-2.jpg 1600w, https:\/\/www.enruige.cn\/wp-content\/uploads\/2024\/11\/\u4ea7\u54c1\u5305\u88c5-2-300x300.jpg 300w, https:\/\/www.enruige.cn\/wp-content\/uploads\/2024\/11\/\u4ea7\u54c1\u5305\u88c5-2-1024x1024.jpg 1024w, https:\/\/www.enruige.cn\/wp-content\/uploads\/2024\/11\/\u4ea7\u54c1\u5305\u88c5-2-150x150.jpg 150w, https:\/\/www.enruige.cn\/wp-content\/uploads\/2024\/11\/\u4ea7\u54c1\u5305\u88c5-2-768x768.jpg 768w, https:\/\/www.enruige.cn\/wp-content\/uploads\/2024\/11\/\u4ea7\u54c1\u5305\u88c5-2-1536x1536.jpg 1536w, https:\/\/www.enruige.cn\/wp-content\/uploads\/2024\/11\/\u4ea7\u54c1\u5305\u88c5-2-100x100.jpg 100w\" sizes=\"(max-width: 1600px) 100vw, 1600px\" \/> <img loading=\"lazy\" decoding=\"async\" class=\"alignnone size-full wp-image-4950\" src=\"http:\/\/www.enruige.cn\/wp-content\/uploads\/2024\/11\/\u56fe\u5f621-4.jpg\" alt=\"\" width=\"1600\" height=\"1600\" srcset=\"https:\/\/www.enruige.cn\/wp-content\/uploads\/2024\/11\/\u56fe\u5f621-4.jpg 1600w, https:\/\/www.enruige.cn\/wp-content\/uploads\/2024\/11\/\u56fe\u5f621-4-300x300.jpg 300w, https:\/\/www.enruige.cn\/wp-content\/uploads\/2024\/11\/\u56fe\u5f621-4-1024x1024.jpg 1024w, https:\/\/www.enruige.cn\/wp-content\/uploads\/2024\/11\/\u56fe\u5f621-4-150x150.jpg 150w, https:\/\/www.enruige.cn\/wp-content\/uploads\/2024\/11\/\u56fe\u5f621-4-768x768.jpg 768w, https:\/\/www.enruige.cn\/wp-content\/uploads\/2024\/11\/\u56fe\u5f621-4-1536x1536.jpg 1536w, https:\/\/www.enruige.cn\/wp-content\/uploads\/2024\/11\/\u56fe\u5f621-4-100x100.jpg 100w\" sizes=\"(max-width: 1600px) 100vw, 1600px\" \/> <img loading=\"lazy\" decoding=\"async\" class=\"alignnone size-full wp-image-4939\" src=\"http:\/\/www.enruige.cn\/wp-content\/uploads\/2024\/11\/DSC_0224.jpg\" alt=\"\" width=\"1600\" height=\"1600\" srcset=\"https:\/\/www.enruige.cn\/wp-content\/uploads\/2024\/11\/DSC_0224.jpg 1600w, https:\/\/www.enruige.cn\/wp-content\/uploads\/2024\/11\/DSC_0224-300x300.jpg 300w, https:\/\/www.enruige.cn\/wp-content\/uploads\/2024\/11\/DSC_0224-1024x1024.jpg 1024w, https:\/\/www.enruige.cn\/wp-content\/uploads\/2024\/11\/DSC_0224-150x150.jpg 150w, https:\/\/www.enruige.cn\/wp-content\/uploads\/2024\/11\/DSC_0224-768x768.jpg 768w, https:\/\/www.enruige.cn\/wp-content\/uploads\/2024\/11\/DSC_0224-1536x1536.jpg 1536w, https:\/\/www.enruige.cn\/wp-content\/uploads\/2024\/11\/DSC_0224-100x100.jpg 100w\" sizes=\"(max-width: 1600px) 100vw, 1600px\" \/> <img loading=\"lazy\" decoding=\"async\" class=\"alignnone size-full wp-image-4936\" src=\"http:\/\/www.enruige.cn\/wp-content\/uploads\/2024\/11\/DSC_0214.jpg\" alt=\"\" width=\"1600\" height=\"1600\" srcset=\"https:\/\/www.enruige.cn\/wp-content\/uploads\/2024\/11\/DSC_0214.jpg 1600w, https:\/\/www.enruige.cn\/wp-content\/uploads\/2024\/11\/DSC_0214-300x300.jpg 300w, https:\/\/www.enruige.cn\/wp-content\/uploads\/2024\/11\/DSC_0214-1024x1024.jpg 1024w, https:\/\/www.enruige.cn\/wp-content\/uploads\/2024\/11\/DSC_0214-150x150.jpg 150w, https:\/\/www.enruige.cn\/wp-content\/uploads\/2024\/11\/DSC_0214-768x768.jpg 768w, https:\/\/www.enruige.cn\/wp-content\/uploads\/2024\/11\/DSC_0214-1536x1536.jpg 1536w, https:\/\/www.enruige.cn\/wp-content\/uploads\/2024\/11\/DSC_0214-100x100.jpg 100w\" sizes=\"(max-width: 1600px) 100vw, 1600px\" \/> <img loading=\"lazy\" decoding=\"async\" class=\"alignnone size-full wp-image-4937\" src=\"http:\/\/www.enruige.cn\/wp-content\/uploads\/2024\/11\/DSC_0216.jpg\" alt=\"\" width=\"1600\" height=\"1600\" srcset=\"https:\/\/www.enruige.cn\/wp-content\/uploads\/2024\/11\/DSC_0216.jpg 1600w, https:\/\/www.enruige.cn\/wp-content\/uploads\/2024\/11\/DSC_0216-300x300.jpg 300w, https:\/\/www.enruige.cn\/wp-content\/uploads\/2024\/11\/DSC_0216-1024x1024.jpg 1024w, https:\/\/www.enruige.cn\/wp-content\/uploads\/2024\/11\/DSC_0216-150x150.jpg 150w, https:\/\/www.enruige.cn\/wp-content\/uploads\/2024\/11\/DSC_0216-768x768.jpg 768w, https:\/\/www.enruige.cn\/wp-content\/uploads\/2024\/11\/DSC_0216-1536x1536.jpg 1536w, https:\/\/www.enruige.cn\/wp-content\/uploads\/2024\/11\/DSC_0216-100x100.jpg 100w\" sizes=\"(max-width: 1600px) 100vw, 1600px\" \/> <img loading=\"lazy\" decoding=\"async\" class=\"alignnone size-full wp-image-4940\" src=\"http:\/\/www.enruige.cn\/wp-content\/uploads\/2024\/11\/DSC_0233.jpg\" alt=\"\" width=\"1600\" height=\"1600\" srcset=\"https:\/\/www.enruige.cn\/wp-content\/uploads\/2024\/11\/DSC_0233.jpg 1600w, https:\/\/www.enruige.cn\/wp-content\/uploads\/2024\/11\/DSC_0233-300x300.jpg 300w, https:\/\/www.enruige.cn\/wp-content\/uploads\/2024\/11\/DSC_0233-1024x1024.jpg 1024w, https:\/\/www.enruige.cn\/wp-content\/uploads\/2024\/11\/DSC_0233-150x150.jpg 150w, https:\/\/www.enruige.cn\/wp-content\/uploads\/2024\/11\/DSC_0233-768x768.jpg 768w, https:\/\/www.enruige.cn\/wp-content\/uploads\/2024\/11\/DSC_0233-1536x1536.jpg 1536w, https:\/\/www.enruige.cn\/wp-content\/uploads\/2024\/11\/DSC_0233-100x100.jpg 100w\" sizes=\"(max-width: 1600px) 100vw, 1600px\" \/> <img loading=\"lazy\" decoding=\"async\" class=\"alignnone size-full wp-image-4938\" src=\"http:\/\/www.enruige.cn\/wp-content\/uploads\/2024\/11\/DSC_0218.jpg\" alt=\"\" width=\"1600\" height=\"1600\" srcset=\"https:\/\/www.enruige.cn\/wp-content\/uploads\/2024\/11\/DSC_0218.jpg 1600w, https:\/\/www.enruige.cn\/wp-content\/uploads\/2024\/11\/DSC_0218-300x300.jpg 300w, https:\/\/www.enruige.cn\/wp-content\/uploads\/2024\/11\/DSC_0218-1024x1024.jpg 1024w, https:\/\/www.enruige.cn\/wp-content\/uploads\/2024\/11\/DSC_0218-150x150.jpg 150w, https:\/\/www.enruige.cn\/wp-content\/uploads\/2024\/11\/DSC_0218-768x768.jpg 768w, https:\/\/www.enruige.cn\/wp-content\/uploads\/2024\/11\/DSC_0218-1536x1536.jpg 1536w, https:\/\/www.enruige.cn\/wp-content\/uploads\/2024\/11\/DSC_0218-100x100.jpg 100w\" sizes=\"(max-width: 1600px) 100vw, 1600px\" \/><\/p>\n","protected":false},"excerpt":{"rendered":"<p>Image Sensor: 1\/3\u2033 CMOS; 1\/2.7\u2033 CMOS (optional)<br \/>\nEffective Pixels: 733(H) \u00d7 493(V); 1280(H) \u00d7 720(V); 1920(H) \u00d7 1080(V)<br \/>\nResolution: CVBS, 720P, 1080P<br \/>\nVideo System: NTSC \/ PAL switchable<br \/>\nGuidelines: On\/Off switchable<br \/>\nNight Vision Distance: Approx. 35ft<br \/>\nHorizontal Viewing Angle: 140\u00b0&amp;90\u00b0<br \/>\nWaterproof Rating: IP68<br \/>\nS\/N Ratio: &gt;48dB<br \/>\nCurrent Consumption: &lt;150mA<br \/>\nMinimum Illumination: 0.1 Lux<br \/>\nPower Supply: DC 12V<br \/>\nOperating Temperature: -20\u2103 to +70\u2103<\/p>\n","protected":false},"featured_media":4951,"template":"","meta":{"site-sidebar-layout":"right-sidebar","site-content-layout":"","ast-site-content-layout":"default","site-content-style":"default","site-sidebar-style":"default","ast-global-header-display":"","ast-banner-title-visibility":"","ast-main-header-display":"","ast-hfb-above-header-display":"","ast-hfb-below-header-display":"","ast-hfb-mobile-header-display":"","site-post-title":"","ast-breadcrumbs-content":"","ast-featured-img":"","footer-sml-layout":"","ast-disable-related-posts":"","theme-transparent-header-meta":"default","adv-header-id-meta":"","stick-header-meta":"default","header-above-stick-meta":"","header-main-stick-meta":"","header-below-stick-meta":"","astra-migrate-meta-layouts":"set","ast-page-background-enabled":"default","ast-page-background-meta":{"desktop":{"background-color":"var(--ast-global-color-4)","background-image":"","background-repeat":"repeat","background-position":"center center","background-size":"auto","background-attachment":"scroll","background-type":"","background-media":"","overlay-type":"","overlay-color":"","overlay-opacity":"","overlay-gradient":""},"tablet":{"background-color":"","background-image":"","background-repeat":"repeat","background-position":"center center","background-size":"auto","background-attachment":"scroll","background-type":"","background-media":"","overlay-type":"","overlay-color":"","overlay-opacity":"","overlay-gradient":""},"mobile":{"background-color":"","background-image":"","background-repeat":"repeat","background-position":"center center","background-size":"auto","background-attachment":"scroll","background-type":"","background-media":"","overlay-type":"","overlay-color":"","overlay-opacity":"","overlay-gradient":""}},"ast-content-background-meta":{"desktop":{"background-color":"var(--ast-global-color-5)","background-image":"","background-repeat":"repeat","background-position":"center center","background-size":"auto","background-attachment":"scroll","background-type":"","background-media":"","overlay-type":"","overlay-color":"","overlay-opacity":"","overlay-gradient":""},"tablet":{"background-color":"var(--ast-global-color-5)","background-image":"","background-repeat":"repeat","background-position":"center center","background-size":"auto","background-attachment":"scroll","background-type":"","background-media":"","overlay-type":"","overlay-color":"","overlay-opacity":"","overlay-gradient":""},"mobile":{"background-color":"var(--ast-global-color-5)","background-image":"","background-repeat":"repeat","background-position":"center center","background-size":"auto","background-attachment":"scroll","background-type":"","background-media":"","overlay-type":"","overlay-color":"","overlay-opacity":"","overlay-gradient":""}}},"product_brand":[],"product_cat":[47],"product_tag":[],"class_list":{"0":"post-4935","1":"product","2":"type-product","3":"status-publish","4":"has-post-thumbnail","6":"product_cat-truck-bus-cameras","7":"desktop-align-left","8":"tablet-align-left","9":"mobile-align-left","10":"ast-product-gallery-layout-horizontal-slider","11":"ast-product-tabs-layout-horizontal","13":"first","14":"instock","15":"shipping-taxable","16":"product-type-simple"},"jetpack_sharing_enabled":true,"_links":{"self":[{"href":"https:\/\/www.enruige.cn\/index.php?rest_route=\/wp\/v2\/product\/4935","targetHints":{"allow":["GET"]}}],"collection":[{"href":"https:\/\/www.enruige.cn\/index.php?rest_route=\/wp\/v2\/product"}],"about":[{"href":"https:\/\/www.enruige.cn\/index.php?rest_route=\/wp\/v2\/types\/product"}],"version-history":[{"count":3,"href":"https:\/\/www.enruige.cn\/index.php?rest_route=\/wp\/v2\/product\/4935\/revisions"}],"predecessor-version":[{"id":6387,"href":"https:\/\/www.enruige.cn\/index.php?rest_route=\/wp\/v2\/product\/4935\/revisions\/6387"}],"wp:featuredmedia":[{"embeddable":true,"href":"https:\/\/www.enruige.cn\/index.php?rest_route=\/wp\/v2\/media\/4951"}],"wp:attachment":[{"href":"https:\/\/www.enruige.cn\/index.php?rest_route=%2Fwp%2Fv2%2Fmedia&parent=4935"}],"wp:term":[{"taxonomy":"product_brand","embeddable":true,"href":"https:\/\/www.enruige.cn\/index.php?rest_route=%2Fwp%2Fv2%2Fproduct_brand&post=4935"},{"taxonomy":"product_cat","embeddable":true,"href":"https:\/\/www.enruige.cn\/index.php?rest_route=%2Fwp%2Fv2%2Fproduct_cat&post=4935"},{"taxonomy":"product_tag","embeddable":true,"href":"https:\/\/www.enruige.cn\/index.php?rest_route=%2Fwp%2Fv2%2Fproduct_tag&post=4935"}],"curies":[{"name":"wp","href":"https:\/\/api.w.org\/{rel}","templated":true}]}}