{"id":5663,"date":"2025-10-18T11:17:47","date_gmt":"2025-10-18T03:17:47","guid":{"rendered":"https:\/\/www.enruige.cn\/?post_type=product&#038;p=5663"},"modified":"2026-04-15T15:04:23","modified_gmt":"2026-04-15T07:04:23","slug":"%e4%b9%9d%e5%af%b8%e8%8f%b2%e4%ba%9a%e7%89%b9%e5%af%bc%e8%88%aa%e6%98%be%e7%a4%ba%e5%99%a8","status":"publish","type":"product","link":"https:\/\/www.enruige.cn\/?product=%e4%b9%9d%e5%af%b8%e8%8f%b2%e4%ba%9a%e7%89%b9%e5%af%bc%e8%88%aa%e6%98%be%e7%a4%ba%e5%99%a8","title":{"rendered":"\u4e5d\u5bf8\u83f2\u4e9a\u7279\u5bfc\u822a\u663e\u793a\u5668"},"content":{"rendered":"<p><img fetchpriority=\"high\" decoding=\"async\" class=\"alignnone size-full wp-image-5662\" src=\"http:\/\/www.enruige.cn\/wp-content\/uploads\/2025\/10\/\u4e3b\u56fe.jpg\" alt=\"\" width=\"1600\" height=\"1600\" srcset=\"https:\/\/www.enruige.cn\/wp-content\/uploads\/2025\/10\/\u4e3b\u56fe.jpg 1600w, https:\/\/www.enruige.cn\/wp-content\/uploads\/2025\/10\/\u4e3b\u56fe-300x300.jpg 300w, https:\/\/www.enruige.cn\/wp-content\/uploads\/2025\/10\/\u4e3b\u56fe-1024x1024.jpg 1024w, https:\/\/www.enruige.cn\/wp-content\/uploads\/2025\/10\/\u4e3b\u56fe-150x150.jpg 150w, https:\/\/www.enruige.cn\/wp-content\/uploads\/2025\/10\/\u4e3b\u56fe-768x768.jpg 768w, https:\/\/www.enruige.cn\/wp-content\/uploads\/2025\/10\/\u4e3b\u56fe-1536x1536.jpg 1536w, https:\/\/www.enruige.cn\/wp-content\/uploads\/2025\/10\/\u4e3b\u56fe-100x100.jpg 100w\" sizes=\"(max-width: 1600px) 100vw, 1600px\" \/> <img decoding=\"async\" class=\"alignnone size-full wp-image-5654\" src=\"http:\/\/www.enruige.cn\/wp-content\/uploads\/2025\/10\/DSC_0049.jpg\" alt=\"\" width=\"1600\" height=\"1600\" srcset=\"https:\/\/www.enruige.cn\/wp-content\/uploads\/2025\/10\/DSC_0049.jpg 1600w, https:\/\/www.enruige.cn\/wp-content\/uploads\/2025\/10\/DSC_0049-300x300.jpg 300w, https:\/\/www.enruige.cn\/wp-content\/uploads\/2025\/10\/DSC_0049-1024x1024.jpg 1024w, https:\/\/www.enruige.cn\/wp-content\/uploads\/2025\/10\/DSC_0049-150x150.jpg 150w, https:\/\/www.enruige.cn\/wp-content\/uploads\/2025\/10\/DSC_0049-768x768.jpg 768w, https:\/\/www.enruige.cn\/wp-content\/uploads\/2025\/10\/DSC_0049-1536x1536.jpg 1536w, https:\/\/www.enruige.cn\/wp-content\/uploads\/2025\/10\/DSC_0049-100x100.jpg 100w\" sizes=\"(max-width: 1600px) 100vw, 1600px\" \/> <img decoding=\"async\" class=\"alignnone size-full wp-image-5655\" src=\"http:\/\/www.enruige.cn\/wp-content\/uploads\/2025\/10\/DSC_0053.jpg\" alt=\"\" width=\"1600\" height=\"1600\" srcset=\"https:\/\/www.enruige.cn\/wp-content\/uploads\/2025\/10\/DSC_0053.jpg 1600w, https:\/\/www.enruige.cn\/wp-content\/uploads\/2025\/10\/DSC_0053-300x300.jpg 300w, https:\/\/www.enruige.cn\/wp-content\/uploads\/2025\/10\/DSC_0053-1024x1024.jpg 1024w, https:\/\/www.enruige.cn\/wp-content\/uploads\/2025\/10\/DSC_0053-150x150.jpg 150w, https:\/\/www.enruige.cn\/wp-content\/uploads\/2025\/10\/DSC_0053-768x768.jpg 768w, https:\/\/www.enruige.cn\/wp-content\/uploads\/2025\/10\/DSC_0053-1536x1536.jpg 1536w, https:\/\/www.enruige.cn\/wp-content\/uploads\/2025\/10\/DSC_0053-100x100.jpg 100w\" sizes=\"(max-width: 1600px) 100vw, 1600px\" \/> <img loading=\"lazy\" decoding=\"async\" class=\"alignnone size-full wp-image-5656\" src=\"http:\/\/www.enruige.cn\/wp-content\/uploads\/2025\/10\/DSC_0054.jpg\" alt=\"\" width=\"1600\" height=\"1600\" srcset=\"https:\/\/www.enruige.cn\/wp-content\/uploads\/2025\/10\/DSC_0054.jpg 1600w, https:\/\/www.enruige.cn\/wp-content\/uploads\/2025\/10\/DSC_0054-300x300.jpg 300w, https:\/\/www.enruige.cn\/wp-content\/uploads\/2025\/10\/DSC_0054-1024x1024.jpg 1024w, https:\/\/www.enruige.cn\/wp-content\/uploads\/2025\/10\/DSC_0054-150x150.jpg 150w, https:\/\/www.enruige.cn\/wp-content\/uploads\/2025\/10\/DSC_0054-768x768.jpg 768w, https:\/\/www.enruige.cn\/wp-content\/uploads\/2025\/10\/DSC_0054-1536x1536.jpg 1536w, https:\/\/www.enruige.cn\/wp-content\/uploads\/2025\/10\/DSC_0054-100x100.jpg 100w\" sizes=\"(max-width: 1600px) 100vw, 1600px\" \/> <img loading=\"lazy\" decoding=\"async\" class=\"alignnone size-full wp-image-5658\" src=\"http:\/\/www.enruige.cn\/wp-content\/uploads\/2025\/10\/DSC_0057.jpg\" alt=\"\" width=\"1600\" height=\"1600\" srcset=\"https:\/\/www.enruige.cn\/wp-content\/uploads\/2025\/10\/DSC_0057.jpg 1600w, https:\/\/www.enruige.cn\/wp-content\/uploads\/2025\/10\/DSC_0057-300x300.jpg 300w, https:\/\/www.enruige.cn\/wp-content\/uploads\/2025\/10\/DSC_0057-1024x1024.jpg 1024w, https:\/\/www.enruige.cn\/wp-content\/uploads\/2025\/10\/DSC_0057-150x150.jpg 150w, https:\/\/www.enruige.cn\/wp-content\/uploads\/2025\/10\/DSC_0057-768x768.jpg 768w, https:\/\/www.enruige.cn\/wp-content\/uploads\/2025\/10\/DSC_0057-1536x1536.jpg 1536w, https:\/\/www.enruige.cn\/wp-content\/uploads\/2025\/10\/DSC_0057-100x100.jpg 100w\" sizes=\"(max-width: 1600px) 100vw, 1600px\" \/> <img loading=\"lazy\" decoding=\"async\" class=\"alignnone size-full wp-image-5660\" src=\"http:\/\/www.enruige.cn\/wp-content\/uploads\/2025\/10\/DSC_0061.jpg\" alt=\"\" width=\"1600\" height=\"1600\" srcset=\"https:\/\/www.enruige.cn\/wp-content\/uploads\/2025\/10\/DSC_0061.jpg 1600w, https:\/\/www.enruige.cn\/wp-content\/uploads\/2025\/10\/DSC_0061-300x300.jpg 300w, https:\/\/www.enruige.cn\/wp-content\/uploads\/2025\/10\/DSC_0061-1024x1024.jpg 1024w, https:\/\/www.enruige.cn\/wp-content\/uploads\/2025\/10\/DSC_0061-150x150.jpg 150w, https:\/\/www.enruige.cn\/wp-content\/uploads\/2025\/10\/DSC_0061-768x768.jpg 768w, https:\/\/www.enruige.cn\/wp-content\/uploads\/2025\/10\/DSC_0061-1536x1536.jpg 1536w, https:\/\/www.enruige.cn\/wp-content\/uploads\/2025\/10\/DSC_0061-100x100.jpg 100w\" sizes=\"(max-width: 1600px) 100vw, 1600px\" \/> <img loading=\"lazy\" decoding=\"async\" class=\"alignnone size-full wp-image-5659\" src=\"http:\/\/www.enruige.cn\/wp-content\/uploads\/2025\/10\/DSC_0060.jpg\" alt=\"\" width=\"1600\" height=\"1600\" srcset=\"https:\/\/www.enruige.cn\/wp-content\/uploads\/2025\/10\/DSC_0060.jpg 1600w, https:\/\/www.enruige.cn\/wp-content\/uploads\/2025\/10\/DSC_0060-300x300.jpg 300w, https:\/\/www.enruige.cn\/wp-content\/uploads\/2025\/10\/DSC_0060-1024x1024.jpg 1024w, https:\/\/www.enruige.cn\/wp-content\/uploads\/2025\/10\/DSC_0060-150x150.jpg 150w, https:\/\/www.enruige.cn\/wp-content\/uploads\/2025\/10\/DSC_0060-768x768.jpg 768w, https:\/\/www.enruige.cn\/wp-content\/uploads\/2025\/10\/DSC_0060-1536x1536.jpg 1536w, https:\/\/www.enruige.cn\/wp-content\/uploads\/2025\/10\/DSC_0060-100x100.jpg 100w\" sizes=\"(max-width: 1600px) 100vw, 1600px\" \/> <img loading=\"lazy\" decoding=\"async\" class=\"alignnone size-full wp-image-5657\" src=\"http:\/\/www.enruige.cn\/wp-content\/uploads\/2025\/10\/DSC_0056.jpg\" alt=\"\" width=\"2244\" height=\"2244\" srcset=\"https:\/\/www.enruige.cn\/wp-content\/uploads\/2025\/10\/DSC_0056.jpg 2244w, https:\/\/www.enruige.cn\/wp-content\/uploads\/2025\/10\/DSC_0056-300x300.jpg 300w, https:\/\/www.enruige.cn\/wp-content\/uploads\/2025\/10\/DSC_0056-1024x1024.jpg 1024w, https:\/\/www.enruige.cn\/wp-content\/uploads\/2025\/10\/DSC_0056-150x150.jpg 150w, https:\/\/www.enruige.cn\/wp-content\/uploads\/2025\/10\/DSC_0056-768x768.jpg 768w, https:\/\/www.enruige.cn\/wp-content\/uploads\/2025\/10\/DSC_0056-1536x1536.jpg 1536w, https:\/\/www.enruige.cn\/wp-content\/uploads\/2025\/10\/DSC_0056-2048x2048.jpg 2048w, https:\/\/www.enruige.cn\/wp-content\/uploads\/2025\/10\/DSC_0056-100x100.jpg 100w\" sizes=\"(max-width: 2244px) 100vw, 2244px\" \/> <img loading=\"lazy\" decoding=\"async\" class=\"alignnone size-full wp-image-5661\" src=\"http:\/\/www.enruige.cn\/wp-content\/uploads\/2025\/10\/\u5305\u88c5-1.jpg\" alt=\"\" width=\"1600\" height=\"1600\" srcset=\"https:\/\/www.enruige.cn\/wp-content\/uploads\/2025\/10\/\u5305\u88c5-1.jpg 1600w, https:\/\/www.enruige.cn\/wp-content\/uploads\/2025\/10\/\u5305\u88c5-1-300x300.jpg 300w, https:\/\/www.enruige.cn\/wp-content\/uploads\/2025\/10\/\u5305\u88c5-1-1024x1024.jpg 1024w, https:\/\/www.enruige.cn\/wp-content\/uploads\/2025\/10\/\u5305\u88c5-1-150x150.jpg 150w, https:\/\/www.enruige.cn\/wp-content\/uploads\/2025\/10\/\u5305\u88c5-1-768x768.jpg 768w, https:\/\/www.enruige.cn\/wp-content\/uploads\/2025\/10\/\u5305\u88c5-1-1536x1536.jpg 1536w, https:\/\/www.enruige.cn\/wp-content\/uploads\/2025\/10\/\u5305\u88c5-1-100x100.jpg 100w\" sizes=\"(max-width: 1600px) 100vw, 1600px\" \/><\/p>\n","protected":false},"excerpt":{"rendered":"<p>Image Sensor: 1\/3\u2033 CMOS; 1\/2.7\u2033 CMOS (optional)<br \/>\nEffective Pixels: 733(H) \u00d7 493(V); 1280(H) \u00d7 720(V); 1920(H) \u00d7 1080(V)<br \/>\nResolution: CVBS, 720P, 1080P<br \/>\nVideo System: NTSC \/ PAL switchable<br \/>\nGuidelines: On\/Off switchable<br \/>\nNight Vision Distance: Approx. 35ft<br \/>\nHorizontal Viewing Angle: 140\u00b0&amp;90\u00b0<br \/>\nWaterproof Rating: IP68<br \/>\nS\/N Ratio: &gt;48dB<br \/>\nCurrent Consumption: &lt;150mA<br \/>\nMinimum Illumination: 0.1 Lux<br \/>\nPower Supply: DC 12V<br \/>\nOperating Temperature: -20\u2103 to +70\u2103<\/p>\n","protected":false},"featured_media":5662,"template":"","meta":{"site-sidebar-layout":"right-sidebar","site-content-layout":"","ast-site-content-layout":"default","site-content-style":"default","site-sidebar-style":"default","ast-global-header-display":"","ast-banner-title-visibility":"","ast-main-header-display":"","ast-hfb-above-header-display":"","ast-hfb-below-header-display":"","ast-hfb-mobile-header-display":"","site-post-title":"","ast-breadcrumbs-content":"","ast-featured-img":"","footer-sml-layout":"","ast-disable-related-posts":"","theme-transparent-header-meta":"default","adv-header-id-meta":"","stick-header-meta":"default","header-above-stick-meta":"","header-main-stick-meta":"","header-below-stick-meta":"","astra-migrate-meta-layouts":"set","ast-page-background-enabled":"default","ast-page-background-meta":{"desktop":{"background-color":"var(--ast-global-color-4)","background-image":"","background-repeat":"repeat","background-position":"center center","background-size":"auto","background-attachment":"scroll","background-type":"","background-media":"","overlay-type":"","overlay-color":"","overlay-opacity":"","overlay-gradient":""},"tablet":{"background-color":"","background-image":"","background-repeat":"repeat","background-position":"center center","background-size":"auto","background-attachment":"scroll","background-type":"","background-media":"","overlay-type":"","overlay-color":"","overlay-opacity":"","overlay-gradient":""},"mobile":{"background-color":"","background-image":"","background-repeat":"repeat","background-position":"center center","background-size":"auto","background-attachment":"scroll","background-type":"","background-media":"","overlay-type":"","overlay-color":"","overlay-opacity":"","overlay-gradient":""}},"ast-content-background-meta":{"desktop":{"background-color":"var(--ast-global-color-5)","background-image":"","background-repeat":"repeat","background-position":"center center","background-size":"auto","background-attachment":"scroll","background-type":"","background-media":"","overlay-type":"","overlay-color":"","overlay-opacity":"","overlay-gradient":""},"tablet":{"background-color":"var(--ast-global-color-5)","background-image":"","background-repeat":"repeat","background-position":"center center","background-size":"auto","background-attachment":"scroll","background-type":"","background-media":"","overlay-type":"","overlay-color":"","overlay-opacity":"","overlay-gradient":""},"mobile":{"background-color":"var(--ast-global-color-5)","background-image":"","background-repeat":"repeat","background-position":"center center","background-size":"auto","background-attachment":"scroll","background-type":"","background-media":"","overlay-type":"","overlay-color":"","overlay-opacity":"","overlay-gradient":""}}},"product_brand":[],"product_cat":[78,77],"product_tag":[],"class_list":{"0":"post-5663","1":"product","2":"type-product","3":"status-publish","4":"has-post-thumbnail","6":"product_cat-78","7":"product_cat-navigation-display","8":"desktop-align-left","9":"tablet-align-left","10":"mobile-align-left","11":"ast-product-gallery-layout-horizontal-slider","12":"ast-product-tabs-layout-horizontal","14":"first","15":"instock","16":"shipping-taxable","17":"product-type-simple"},"jetpack_sharing_enabled":true,"_links":{"self":[{"href":"https:\/\/www.enruige.cn\/index.php?rest_route=\/wp\/v2\/product\/5663","targetHints":{"allow":["GET"]}}],"collection":[{"href":"https:\/\/www.enruige.cn\/index.php?rest_route=\/wp\/v2\/product"}],"about":[{"href":"https:\/\/www.enruige.cn\/index.php?rest_route=\/wp\/v2\/types\/product"}],"version-history":[{"count":3,"href":"https:\/\/www.enruige.cn\/index.php?rest_route=\/wp\/v2\/product\/5663\/revisions"}],"predecessor-version":[{"id":6332,"href":"https:\/\/www.enruige.cn\/index.php?rest_route=\/wp\/v2\/product\/5663\/revisions\/6332"}],"wp:featuredmedia":[{"embeddable":true,"href":"https:\/\/www.enruige.cn\/index.php?rest_route=\/wp\/v2\/media\/5662"}],"wp:attachment":[{"href":"https:\/\/www.enruige.cn\/index.php?rest_route=%2Fwp%2Fv2%2Fmedia&parent=5663"}],"wp:term":[{"taxonomy":"product_brand","embeddable":true,"href":"https:\/\/www.enruige.cn\/index.php?rest_route=%2Fwp%2Fv2%2Fproduct_brand&post=5663"},{"taxonomy":"product_cat","embeddable":true,"href":"https:\/\/www.enruige.cn\/index.php?rest_route=%2Fwp%2Fv2%2Fproduct_cat&post=5663"},{"taxonomy":"product_tag","embeddable":true,"href":"https:\/\/www.enruige.cn\/index.php?rest_route=%2Fwp%2Fv2%2Fproduct_tag&post=5663"}],"curies":[{"name":"wp","href":"https:\/\/api.w.org\/{rel}","templated":true}]}}